{"id":313,"date":"2022-06-07T01:33:02","date_gmt":"2022-06-07T01:33:02","guid":{"rendered":"https:\/\/modtour.travelerwp.com\/?page_id=313"},"modified":"2026-03-12T14:00:49","modified_gmt":"2026-03-12T19:00:49","slug":"contact","status":"publish","type":"page","link":"https:\/\/actiiva.es\/en\/contact\/","title":{"rendered":"Contact"},"content":{"rendered":"<div data-elementor-type=\"wp-page\" data-elementor-id=\"313\" class=\"elementor elementor-313\" data-elementor-post-type=\"page\">\n\t\t\t\t\t\t<section class=\"elementor-section elementor-top-section elementor-element elementor-element-71f07ef1 elementor-section-full_width elementor-section-height-default elementor-section-height-default\" data-id=\"71f07ef1\" data-element_type=\"section\" data-e-type=\"section\">\n\t\t\t\t\t\t<div class=\"elementor-container elementor-column-gap-no\">\n\t\t\t\t\t<div class=\"elementor-column elementor-col-100 elementor-top-column elementor-element elementor-element-1d2e666b\" data-id=\"1d2e666b\" data-element_type=\"column\" data-e-type=\"column\" data-settings=\"{&quot;background_background&quot;:&quot;classic&quot;}\">\n\t\t\t<div class=\"elementor-widget-wrap elementor-element-populated\">\n\t\t\t\t\t\t<section class=\"elementor-section elementor-inner-section elementor-element elementor-element-cb9dc0e elementor-section-content-middle elementor-section-boxed elementor-section-height-default elementor-section-height-default\" data-id=\"cb9dc0e\" data-element_type=\"section\" data-e-type=\"section\">\n\t\t\t\t\t\t<div class=\"elementor-container elementor-column-gap-no\">\n\t\t\t\t\t<div class=\"elementor-column elementor-col-100 elementor-inner-column elementor-element elementor-element-12001da5\" data-id=\"12001da5\" data-element_type=\"column\" data-e-type=\"column\">\n\t\t\t<div class=\"elementor-widget-wrap elementor-element-populated\">\n\t\t\t\t\t\t<div class=\"elementor-element elementor-element-2618bdb elementor-widget__width-auto elementor-widget elementor-widget-heading\" data-id=\"2618bdb\" data-element_type=\"widget\" data-e-type=\"widget\" data-widget_type=\"heading.default\">\n\t\t\t\t<div class=\"elementor-widget-container\">\n\t\t\t\t\t<h2 class=\"elementor-heading-title elementor-size-default\">Contacto<\/h2>\t\t\t\t<\/div>\n\t\t\t\t<\/div>\n\t\t\t\t<div class=\"elementor-element elementor-element-679ed3ee elementor-widget__width-auto elementor-widget elementor-widget-image\" data-id=\"679ed3ee\" data-element_type=\"widget\" data-e-type=\"widget\" data-widget_type=\"image.default\">\n\t\t\t\t<div class=\"elementor-widget-container\">\n\t\t\t\t\t\t\t\t\t\t\t\t\t\t\t<img fetchpriority=\"high\" decoding=\"async\" width=\"1024\" height=\"1024\" src=\"https:\/\/actiiva.es\/wp-content\/uploads\/2026\/03\/b8161ee4-soft-starwhite--1024x1024.png\" class=\"attachment-large size-large wp-image-10772\" alt=\"\" srcset=\"https:\/\/actiiva.es\/wp-content\/uploads\/2026\/03\/b8161ee4-soft-starwhite--1024x1024.png 1024w, https:\/\/actiiva.es\/wp-content\/uploads\/2026\/03\/b8161ee4-soft-starwhite--300x300.png 300w, https:\/\/actiiva.es\/wp-content\/uploads\/2026\/03\/b8161ee4-soft-starwhite--150x150.png 150w, https:\/\/actiiva.es\/wp-content\/uploads\/2026\/03\/b8161ee4-soft-starwhite--768x768.png 768w, https:\/\/actiiva.es\/wp-content\/uploads\/2026\/03\/b8161ee4-soft-starwhite--1536x1536.png 1536w, https:\/\/actiiva.es\/wp-content\/uploads\/2026\/03\/b8161ee4-soft-starwhite--2048x2048.png 2048w, https:\/\/actiiva.es\/wp-content\/uploads\/2026\/03\/b8161ee4-soft-starwhite--600x600.png 600w, https:\/\/actiiva.es\/wp-content\/uploads\/2026\/03\/b8161ee4-soft-starwhite--100x100.png 100w, https:\/\/actiiva.es\/wp-content\/uploads\/2026\/03\/b8161ee4-soft-starwhite-.png 72w\" sizes=\"(max-width: 1024px) 100vw, 1024px\" title=\"\">\t\t\t\t\t\t\t\t\t\t\t\t\t\t\t<\/div>\n\t\t\t\t<\/div>\n\t\t\t\t\t<\/div>\n\t\t<\/div>\n\t\t\t\t\t<\/div>\n\t\t<\/section>\n\t\t\t\t\t<\/div>\n\t\t<\/div>\n\t\t\t\t\t<\/div>\n\t\t<\/section>\n\t\t\t\t<section class=\"elementor-section elementor-top-section elementor-element elementor-element-4828ac6e elementor-section-content-middle elementor-section-boxed elementor-section-height-default elementor-section-height-default\" data-id=\"4828ac6e\" data-element_type=\"section\" data-e-type=\"section\">\n\t\t\t\t\t\t<div class=\"elementor-container elementor-column-gap-default\">\n\t\t\t\t\t<div class=\"elementor-column elementor-col-50 elementor-top-column elementor-element elementor-element-103bc7f5\" data-id=\"103bc7f5\" data-element_type=\"column\" data-e-type=\"column\">\n\t\t\t<div class=\"elementor-widget-wrap elementor-element-populated\">\n\t\t\t\t\t\t<div class=\"elementor-element elementor-element-39321ae8 elementor-widget elementor-widget-heading\" data-id=\"39321ae8\" data-element_type=\"widget\" data-e-type=\"widget\" data-widget_type=\"heading.default\">\n\t\t\t\t<div class=\"elementor-widget-container\">\n\t\t\t\t\t<h2 class=\"elementor-heading-title elementor-size-default\">Informaci\u00f3n de Contacto<\/h2>\t\t\t\t<\/div>\n\t\t\t\t<\/div>\n\t\t\t\t<div class=\"elementor-element elementor-element-3eccb2eb elementor-widget elementor-widget-heading\" data-id=\"3eccb2eb\" data-element_type=\"widget\" data-e-type=\"widget\" data-widget_type=\"heading.default\">\n\t\t\t\t<div class=\"elementor-widget-container\">\n\t\t\t\t\t<h2 class=\"elementor-heading-title elementor-size-default\">\u00bfPlaneando tu pr\u00f3xima gran historia en el Caribe? \ud83c\udf0a\n\nEn Actiiva Travel, no solo respondemos preguntas, dise\u00f1amos experiencias a tu medida. Si buscas beneficios exclusivos, tarifas preferenciales para grupos o una asesor\u00eda personalizada para elegir la embarcaci\u00f3n o el tour ideal, est\u00e1s en el lugar correcto.\n\nNuestro equipo de expertos est\u00e1 listo para gestionar tus peticiones, brindarte informaci\u00f3n t\u00e9cnica adicional o simplemente ayudarte a dar el primer paso hacia tu aventura. Escr\u00edbenos y deja que nosotros nos encarguemos de los detalles.<\/h2>\t\t\t\t<\/div>\n\t\t\t\t<\/div>\n\t\t\t\t<div class=\"elementor-element elementor-element-1f7e55d elementor-widget-divider--view-line elementor-widget elementor-widget-divider\" data-id=\"1f7e55d\" data-element_type=\"widget\" data-e-type=\"widget\" data-widget_type=\"divider.default\">\n\t\t\t\t<div class=\"elementor-widget-container\">\n\t\t\t\t\t\t\t<div class=\"elementor-divider\">\n\t\t\t<span class=\"elementor-divider-separator\">\n\t\t\t\t\t\t<\/span>\n\t\t<\/div>\n\t\t\t\t\t\t<\/div>\n\t\t\t\t<\/div>\n\t\t\t\t<div class=\"elementor-element elementor-element-59edc24c elementor-position-left elementor-vertical-align-middle elementor-view-default elementor-mobile-position-top elementor-widget elementor-widget-icon-box\" data-id=\"59edc24c\" data-element_type=\"widget\" data-e-type=\"widget\" data-widget_type=\"icon-box.default\">\n\t\t\t\t<div class=\"elementor-widget-container\">\n\t\t\t\t\t            <div class=\"elementor-icon-box-wrapper\">\r\n                                <div class=\"elementor-icon-box-content\">\r\n\t\t\t\t\t                    <h3 class=\"elementor-icon-box-title\">\r\n                        <span   style=\"display: inline-flex; align-items: center;\">\r\n\r\n                                                                                    <div class=\"elementor-icon-box-icon\">\r\n                                    <span class=\"elementor-icon elementor-animation-\" >\r\n                                                                        <\/span>\r\n                                <\/div>\r\n                                                     (57) 3132300166                        <\/span>\r\n                    <\/h3>\r\n\r\n                                    <\/div>\r\n            <\/div>\r\n            \t\t\t\t<\/div>\n\t\t\t\t<\/div>\n\t\t\t\t<div class=\"elementor-element elementor-element-12627ea0 elementor-widget-divider--view-line elementor-widget elementor-widget-divider\" data-id=\"12627ea0\" data-element_type=\"widget\" data-e-type=\"widget\" data-widget_type=\"divider.default\">\n\t\t\t\t<div class=\"elementor-widget-container\">\n\t\t\t\t\t\t\t<div class=\"elementor-divider\">\n\t\t\t<span class=\"elementor-divider-separator\">\n\t\t\t\t\t\t<\/span>\n\t\t<\/div>\n\t\t\t\t\t\t<\/div>\n\t\t\t\t<\/div>\n\t\t\t\t<div class=\"elementor-element elementor-element-19300fc2 elementor-position-left elementor-vertical-align-middle elementor-view-default elementor-mobile-position-top elementor-widget elementor-widget-icon-box\" data-id=\"19300fc2\" data-element_type=\"widget\" data-e-type=\"widget\" data-widget_type=\"icon-box.default\">\n\t\t\t\t<div class=\"elementor-widget-container\">\n\t\t\t\t\t            <div class=\"elementor-icon-box-wrapper\">\r\n                                <div class=\"elementor-icon-box-content\">\r\n\t\t\t\t\t                    <h3 class=\"elementor-icon-box-title\">\r\n                        <span   style=\"display: inline-flex; align-items: center;\">\r\n\r\n                                                                                    <div class=\"elementor-icon-box-icon\">\r\n                                    <span class=\"elementor-icon elementor-animation-\" >\r\n                                                                        <\/span>\r\n                                <\/div>\r\n                                                     toursyviajes@actiiva.es                        <\/span>\r\n                    <\/h3>\r\n\r\n                                    <\/div>\r\n            <\/div>\r\n            \t\t\t\t<\/div>\n\t\t\t\t<\/div>\n\t\t\t\t<div class=\"elementor-element elementor-element-b1985b4 elementor-position-left elementor-vertical-align-middle elementor-view-default elementor-mobile-position-top elementor-widget elementor-widget-icon-box\" data-id=\"b1985b4\" data-element_type=\"widget\" data-e-type=\"widget\" data-widget_type=\"icon-box.default\">\n\t\t\t\t<div class=\"elementor-widget-container\">\n\t\t\t\t\t            <div class=\"elementor-icon-box-wrapper\">\r\n                                <div class=\"elementor-icon-box-content\">\r\n\t\t\t\t\t                    <h3 class=\"elementor-icon-box-title\">\r\n                        <span   style=\"display: inline-flex; align-items: center;\">\r\n\r\n                                                                                    <div class=\"elementor-icon-box-icon\">\r\n                                    <span class=\"elementor-icon elementor-animation-\" >\r\n                                                                        <\/span>\r\n                                <\/div>\r\n                                                     actiivadigital@gmail.com                        <\/span>\r\n                    <\/h3>\r\n\r\n                                    <\/div>\r\n            <\/div>\r\n            \t\t\t\t<\/div>\n\t\t\t\t<\/div>\n\t\t\t\t\t<\/div>\n\t\t<\/div>\n\t\t\t\t<div class=\"elementor-column elementor-col-50 elementor-top-column elementor-element elementor-element-10a400c\" data-id=\"10a400c\" data-element_type=\"column\" data-e-type=\"column\">\n\t\t\t<div class=\"elementor-widget-wrap elementor-element-populated\">\n\t\t\t\t\t\t<div class=\"elementor-element elementor-element-1c32a863 elementor-widget elementor-widget-shortcode\" data-id=\"1c32a863\" data-element_type=\"widget\" data-e-type=\"widget\" data-widget_type=\"shortcode.default\">\n\t\t\t\t<div class=\"elementor-widget-container\">\n\t\t\t\t\t\t\t<div class=\"elementor-shortcode\">\n<div class=\"wpcf7 no-js\" id=\"wpcf7-f5-o1\" lang=\"en-US\" dir=\"ltr\" data-wpcf7-id=\"5\">\n<div class=\"screen-reader-response\"><p role=\"status\" aria-live=\"polite\" aria-atomic=\"true\"><\/p> <ul><\/ul><\/div>\n<form action=\"\/en\/wp-json\/wp\/v2\/pages\/313#wpcf7-f5-o1\" method=\"post\" class=\"wpcf7-form init\" aria-label=\"Contact form\" novalidate=\"novalidate\" data-status=\"init\" data-trp-original-action=\"\/en\/wp-json\/wp\/v2\/pages\/313#wpcf7-f5-o1\">\n<fieldset class=\"hidden-fields-container\"><input type=\"hidden\" name=\"_wpcf7\" value=\"5\" \/><input type=\"hidden\" name=\"_wpcf7_version\" value=\"6.1.5\" \/><input type=\"hidden\" name=\"_wpcf7_locale\" value=\"en_US\" \/><input type=\"hidden\" name=\"_wpcf7_unit_tag\" value=\"wpcf7-f5-o1\" \/><input type=\"hidden\" name=\"_wpcf7_container_post\" value=\"0\" \/><input type=\"hidden\" name=\"_wpcf7_posted_data_hash\" value=\"\" \/>\n<\/fieldset>\n<div class=\"st-contact-form st-border-new\">\n\t<h3>Send a message\n\t\t<div class=\"mt30\">\n\t\t\t<div class=\"row\">\n\t\t\t\t<div class=\"col-md-6\">\n\t\t\t\t\t<div class=\"form-group\">\n\t\t\t\t\t\t<p><span class=\"wpcf7-form-control-wrap\" data-name=\"your-name\"><input size=\"40\" maxlength=\"400\" class=\"wpcf7-form-control wpcf7-text form-control\" id=\"name\" aria-invalid=\"false\" placeholder=\"Your name*\" value=\"\" type=\"text\" name=\"your-name\" \/><\/span>\n\t\t\t\t\t\t<\/p>\n\t\t\t\t\t<\/div>\n\t\t\t\t<\/div>\n\t\t\t\t<div class=\"col-md-6\">\n\t\t\t\t\t<div class=\"form-group\">\n\t\t\t\t\t\t<p><span class=\"wpcf7-form-control-wrap\" data-name=\"your-phone\"><input size=\"40\" maxlength=\"400\" class=\"wpcf7-form-control wpcf7-tel wpcf7-text wpcf7-validates-as-tel form-control\" id=\"phone\" aria-invalid=\"false\" placeholder=\"Phone number\" value=\"\" type=\"tel\" name=\"your-phone\" \/><\/span>\n\t\t\t\t\t\t<\/p>\n\t\t\t\t\t<\/div>\n\t\t\t\t<\/div>\n\t\t\t<\/div>\n\t\t\t<div class=\"row\">\n\t\t\t\t<div class=\"col-md-12\">\n\t\t\t\t\t<div class=\"form-group\">\n\t\t\t\t\t\t<p><span class=\"wpcf7-form-control-wrap\" data-name=\"email-139\"><input size=\"40\" maxlength=\"400\" class=\"wpcf7-form-control wpcf7-email wpcf7-validates-as-required wpcf7-text wpcf7-validates-as-email form-control\" id=\"email\" aria-required=\"true\" aria-invalid=\"false\" placeholder=\"Your email*\" value=\"\" type=\"email\" name=\"email-139\" \/><\/span>\n\t\t\t\t\t\t<\/p>\n\t\t\t\t\t<\/div>\n\t\t\t\t<\/div>\n\t\t\t<\/div>\n\t\t\t<div class=\"form-group\">\n\t\t\t\t<p><span class=\"wpcf7-form-control-wrap\" data-name=\"message\"><textarea cols=\"40\" rows=\"10\" maxlength=\"2000\" class=\"wpcf7-form-control wpcf7-textarea form-control\" id=\"message\" aria-invalid=\"false\" placeholder=\"Message\" name=\"message\"><\/textarea><\/span>\n\t\t\t\t<\/p>\n\t\t\t<\/div>\n\t\t\t<div class=\"st-button-subbmit\">\n\t\t\t\t<p><input class=\"wpcf7-form-control wpcf7-submit has-spinner btn text-center btn-v2 btn-primary\" type=\"submit\" value=\"Submit\" \/>\n\t\t\t\t<\/p>\n\t\t\t<\/div>\n\t\t<\/div>\n\t<\/h3>\n<\/div><div class=\"wpcf7-response-output\" aria-hidden=\"true\"><\/div>\n<input type=\"hidden\" name=\"trp-form-language\" value=\"en\"\/><\/form>\n<\/div>\n<\/div>\n\t\t\t\t\t\t<\/div>\n\t\t\t\t<\/div>\n\t\t\t\t\t<\/div>\n\t\t<\/div>\n\t\t\t\t\t<\/div>\n\t\t<\/section>\n\t\t\t\t<\/div>","protected":false},"excerpt":{"rendered":"<p>Contacto Informaci\u00f3n de Contacto \u00bfPlaneando tu pr\u00f3xima gran historia en el Caribe? \ud83c\udf0a En Actiiva Travel, no solo respondemos preguntas, dise\u00f1amos experiencias a tu medida. Si buscas beneficios exclusivos, tarifas preferenciales para grupos o una asesor\u00eda personalizada para elegir la embarcaci\u00f3n o el tour ideal, est\u00e1s en el lugar correcto. Nuestro equipo de expertos est\u00e1 [&hellip;]<\/p>","protected":false},"author":1,"featured_media":0,"parent":0,"menu_order":0,"comment_status":"closed","ping_status":"closed","template":"elementor_header_footer","meta":{"_crdt_document":"","_uag_custom_page_level_css":"","footnotes":""},"class_list":["post-313","page","type-page","status-publish","has-post-thumbnail","hentry"],"uagb_featured_image_src":{"full":["https:\/\/placehold.co\/600x400",900,600],"thumbnail":["https:\/\/placehold.co\/600x400",900,600],"medium":["https:\/\/placehold.co\/600x400",900,600],"medium_large":["https:\/\/placehold.co\/600x400",900,600],"large":["https:\/\/placehold.co\/600x400",900,600],"1536x1536":["https:\/\/placehold.co\/600x400",900,600],"2048x2048":["https:\/\/placehold.co\/600x400",900,600],"trp-custom-language-flag":["https:\/\/placehold.co\/600x400",900,600],"woocommerce_thumbnail":["https:\/\/placehold.co\/600x400",900,600],"woocommerce_single":["https:\/\/placehold.co\/600x400",900,600],"woocommerce_gallery_thumbnail":["https:\/\/placehold.co\/600x400",900,600]},"uagb_author_info":{"display_name":"actiivadigital@gmail.com","author_link":"https:\/\/actiiva.es\/en\/author\/actiivadigitalgmail-com\/"},"uagb_comment_info":0,"uagb_excerpt":"Contacto Informaci\u00f3n de Contacto \u00bfPlaneando tu pr\u00f3xima gran historia en el Caribe? \ud83c\udf0a En Actiiva Travel, no solo respondemos preguntas, dise\u00f1amos experiencias a tu medida. Si buscas beneficios exclusivos, tarifas preferenciales para grupos o una asesor\u00eda personalizada para elegir la embarcaci\u00f3n o el tour ideal, est\u00e1s en el lugar correcto. Nuestro equipo de expertos est\u00e1&hellip;","_links":{"self":[{"href":"https:\/\/actiiva.es\/en\/wp-json\/wp\/v2\/pages\/313","targetHints":{"allow":["GET"]}}],"collection":[{"href":"https:\/\/actiiva.es\/en\/wp-json\/wp\/v2\/pages"}],"about":[{"href":"https:\/\/actiiva.es\/en\/wp-json\/wp\/v2\/types\/page"}],"author":[{"embeddable":true,"href":"https:\/\/actiiva.es\/en\/wp-json\/wp\/v2\/users\/1"}],"replies":[{"embeddable":true,"href":"https:\/\/actiiva.es\/en\/wp-json\/wp\/v2\/comments?post=313"}],"version-history":[{"count":9,"href":"https:\/\/actiiva.es\/en\/wp-json\/wp\/v2\/pages\/313\/revisions"}],"predecessor-version":[{"id":10850,"href":"https:\/\/actiiva.es\/en\/wp-json\/wp\/v2\/pages\/313\/revisions\/10850"}],"wp:attachment":[{"href":"https:\/\/actiiva.es\/en\/wp-json\/wp\/v2\/media?parent=313"}],"curies":[{"name":"wp","href":"https:\/\/api.w.org\/{rel}","templated":true}]}}